{"id":161,"date":"2019-03-02T11:45:07","date_gmt":"2019-03-02T11:45:07","guid":{"rendered":"http:\/\/www.akademie-myofasziale-medizin.de\/?page_id=161"},"modified":"2021-10-21T15:17:03","modified_gmt":"2021-10-21T15:17:03","slug":"datenschutzerklaerung","status":"publish","type":"page","link":"http:\/\/www.akademie-myofasziale-medizin.de\/?page_id=161","title":{"rendered":"Datenschutzerkl\u00e4rung"},"content":{"rendered":"\n<p>Die Adresse unserer Website ist: http:\/\/www.akademie-myofasziale-medizin.de.<\/p>\n\n\n\n<p>Diese Datenschutzerkl\u00e4rung soll die Nutzer dieser Website \u00fcber die \nArt, den Umfang und den Zweck der Erhebung und Verwendung \npersonenbezogener Daten durch den Websitebetreiber<\/p>\n\n\n\n<p>Akademie f\u00fcr Myofasziale Medizin GbR<\/p>\n\n\n\n<p>H. &amp; S. M\u00fcller-Ehrenberg<\/p>\n\n\n\n<p>Peter-Wust-Str. 17<\/p>\n\n\n\n<p>48149 M\u00fcnster<\/p>\n\n\n\n<p><\/p>\n\n\n\n<p>Tel. +49 251 6205246<\/p>\n\n\n\n<p>informieren.<\/p>\n\n\n\n<p>Der Websitebetreiber nimmt Ihren Datenschutz sehr ernst und behandelt\n Ihre personenbezogenen Daten vertraulich und entsprechend der \ngesetzlichen Vorschriften. Da durch neue Technologien und die st\u00e4ndige \nWeiterentwicklung dieser Webseite \u00c4nderungen an dieser \nDatenschutzerkl\u00e4rung vorgenommen werden k\u00f6nnen, empfehlen wir Ihnen sich\n die Datenschutzerkl\u00e4rung in regelm\u00e4\u00dfigen Abst\u00e4nden wieder durchzulesen.<\/p>\n\n\n\n<p>Definitionen der verwendeten Begriffe (z.B. \u201cpersonenbezogene Daten\u201d oder \u201cVerarbeitung\u201d) finden Sie in Art. 4 DSGVO.<\/p>\n\n\n\n<h4 class=\"wp-block-heading\">Zugriffsdaten<\/h4>\n\n\n\n<p>Wir, der Websitebetreiber bzw. Seitenprovider, erheben aufgrund \nunseres berechtigten Interesses (s. Art. 6 Abs. 1 lit. f. DSGVO) Daten \n\u00fcber Zugriffe auf die Website und speichern diese als \u201eServer-Logfiles\u201c \nauf dem Server der Website ab. Folgende Daten werden so protokolliert:<\/p>\n\n\n\n<ul class=\"wp-block-list\"><li>Besuchte Website<\/li><li>Uhrzeit zum Zeitpunkt des Zugriffes<\/li><li>Menge der gesendeten Daten in Byte<\/li><li>Quelle\/Verweis, von welchem Sie auf die Seite gelangten<\/li><li>Verwendeter Browser<\/li><li>Verwendetes Betriebssystem<\/li><li>Verwendete IP-Adresse<\/li><\/ul>\n\n\n\n<p>Die Server-Logfiles werden f\u00fcr maximal 7 Tage gespeichert und \nanschlie\u00dfend gel\u00f6scht. Die Speicherung der Daten erfolgt aus \nSicherheitsgr\u00fcnden, um z. B. Missbrauchsf\u00e4lle aufkl\u00e4ren zu k\u00f6nnen. \nM\u00fcssen Daten aus Beweisgr\u00fcnden aufgehoben werden, sind sie solange von \nder L\u00f6schung ausgenommen bis der Vorfall endg\u00fcltig gekl\u00e4rt ist.<\/p>\n\n\n\n<h4 class=\"wp-block-heading\">Reichweitenmessung &amp; Cookies<\/h4>\n\n\n\n<p>Diese Website verwendet Cookies zur pseudonymisierten \nReichweitenmessung, die entweder von unserem Server oder dem Server \nDritter an den Browser des Nutzers \u00fcbertragen werden. Bei Cookies \nhandelt es sich um kleine Dateien, welche auf Ihrem Endger\u00e4t gespeichert\n werden. Ihr Browser greift auf diese Dateien zu. Durch den Einsatz von \nCookies erh\u00f6ht sich die Benutzerfreundlichkeit und Sicherheit dieser \nWebsite.<\/p>\n\n\n\n<p>Falls Sie nicht m\u00f6chten, dass Cookies zur Reichweitenmessung auf \nIhrem Endger\u00e4t gespeichert werden, k\u00f6nnen Sie dem Einsatz dieser Dateien\n hier widersprechen:<\/p>\n\n\n\n<ul class=\"wp-block-list\"><li>Cookie-Deaktivierungsseite der Netzwerkwerbeinitiative: <a href=\"http:\/\/optout.networkadvertising.org\/?c=1#!\/\">http:\/\/optout.networkadvertising.org\/?c=1#!\/<\/a><\/li><li>Cookie-Deaktivierungsseite der US-amerikanischen Website: <a href=\"http:\/\/optout.aboutads.info\/?c=2#!\/\">http:\/\/optout.aboutads.info\/?c=2#!\/<\/a><\/li><li>Cookie-Deaktivierungsseite der europ\u00e4ischen Website: <a href=\"http:\/\/optout.networkadvertising.org\/?c=1#!\/\">http:\/\/optout.networkadvertising.org\/?c=1#!\/<\/a><\/li><\/ul>\n\n\n\n<p>G\u00e4ngige Browser bieten die Einstellungsoption, Cookies nicht \nzuzulassen. Hinweis: Es ist nicht gew\u00e4hrleistet, dass Sie auf alle \nFunktionen dieser Website ohne Einschr\u00e4nkungen zugreifen k\u00f6nnen, wenn \nSie entsprechende Einstellungen vornehmen.<\/p>\n\n\n\n<h4 class=\"wp-block-heading\">Erfassung und Verarbeitung personenbezogener Daten<\/h4>\n\n\n\n<p>Der Websitebetreiber erhebt, nutzt und gibt Ihre personenbezogenen \nDaten nur dann weiter, wenn dies im gesetzlichen Rahmen erlaubt ist oder\n Sie in die Datenerhebung einwilligen.<\/p>\n\n\n\n<p>Als personenbezogene Daten gelten s\u00e4mtliche Informationen, welche \ndazu dienen, Ihre Person zu bestimmen und welche zu Ihnen zur\u00fcckverfolgt\n werden k\u00f6nnen \u2013 also beispielsweise Ihr Name, Ihre E-Mail-Adresse und \nTelefonnummer.<\/p>\n\n\n\n<p>Diese Website k\u00f6nnen Sie auch besuchen, ohne Angaben zu Ihrer Person \nzu machen. Zur Verbesserung unseres Online-Angebotes speichern wir \njedoch (ohne Personenbezug) Ihre Zugriffsdaten auf diese Website. Zu \ndiesen Zugriffsdaten geh\u00f6ren z. B. die von Ihnen angeforderte Datei oder\n der Name Ihres Internet-Providers. Durch die Anonymisierung der Daten \nsind R\u00fcckschl\u00fcsse auf Ihre Person nicht m\u00f6glich.<\/p>\n\n\n\n<p><strong>Umgang mit Kontaktdaten<\/strong><\/p>\n\n\n\n<p>Nehmen Sie mit uns als Websitebetreiber durch die angebotenen \nKontaktm\u00f6glichkeiten Verbindung auf, werden Ihre Angaben gespeichert, \ndamit auf diese zur Bearbeitung und Beantwortung Ihrer Anfrage \nzur\u00fcckgegriffen werden kann. Ohne Ihre Einwilligung werden diese Daten \nnicht an Dritte weitergegeben.<\/p>\n\n\n\n<p><strong>Google Analytics<\/strong><\/p>\n\n\n\n<p>Diese Website nutzt aufgrund unserer berechtigten Interessen zur \nOptimierung und Analyse unseres Online-Angebots im Sinne des Art. 6 Abs.\n 1 lit. f. DSGVO den Dienst \u201eGoogle Analytics\u201c, welcher von der Google \nInc. (1600 Amphitheatre Parkway Mountain View, CA 94043, USA) angeboten \nwird. Der Dienst (Google Analytics) verwendet \u201eCookies\u201c \u2013 Textdateien, \nwelche auf Ihrem Endger\u00e4t gespeichert werden. Die durch die Cookies \ngesammelten Informationen werden im Regelfall an einen Google-Server in \nden USA gesandt und dort gespeichert.<\/p>\n\n\n\n<p>Google LLC h\u00e4lt das europ\u00e4ische Datenschutzrecht ein und ist unter dem Privacy-Shield-Abkommen zertifiziert: <a href=\"https:\/\/www.privacyshield.gov\/participant?id=a2zt000000001L5AAI&amp;status=Active\">https:\/\/www.privacyshield.gov\/participant?id=a2zt000000001L5AAI&amp;status=Active<\/a><\/p>\n\n\n\n<p>Auf dieser Website greift die IP-Anonymisierung. Die IP-Adresse der \nNutzer wird innerhalb der Mitgliedsstaaten der EU und des Europ\u00e4ischen \nWirtschaftsraum und in den anderen Vertragsstaaten des Abkommens \ngek\u00fcrzt. Nur in Einzelf\u00e4llen wird die IP-Adresse zun\u00e4chst ungek\u00fcrzt in \ndie USA an einen Server von Google \u00fcbertragen und dort gek\u00fcrzt. Durch \ndiese K\u00fcrzung entf\u00e4llt der Personenbezug Ihrer IP-Adresse. Die vom \nBrowser \u00fcbermittelte IP-Adresse des Nutzers wird nicht mit anderen von \nGoogle gespeicherten Daten kombiniert.<\/p>\n\n\n\n<p>Im Rahmen der Vereinbarung zur Auftragsdatenvereinbarung, welche wir \nals Websitebetreiber mit der Google Inc. geschlossen haben, erstellt \ndiese mithilfe der gesammelten Informationen eine Auswertung der \nWebsitenutzung und der Websiteaktivit\u00e4t und erbringt mit der \nInternetnutzung verbundene Dienstleistungen.<\/p>\n\n\n\n<p>Die von Google in unserem Auftrag erhobenen Daten werden genutzt, um \ndie Nutzung unseres Online-Angebots durch die einzelnen Nutzer auswerten\n zu k\u00f6nnen, z. B. um Reports \u00fcber die Aktivit\u00e4t auf der Website zu \nerstellen, um unser Online-Angebot zu verbessern.<\/p>\n\n\n\n<p>Sie haben die M\u00f6glichkeit, die Speicherung der Cookies auf Ihrem \nGer\u00e4t zu verhindern, indem Sie in Ihrem Browser entsprechende \nEinstellungen vornehmen. Es ist nicht gew\u00e4hrleistet, dass Sie auf alle \nFunktionen dieser Website ohne Einschr\u00e4nkungen zugreifen k\u00f6nnen, wenn \nIhr Browser keine Cookies zul\u00e4sst.<\/p>\n\n\n\n<p>Weiterhin k\u00f6nnen Sie durch ein Browser-Plugin verhindern, dass die \ndurch Cookies gesammelten Informationen (inklusive Ihrer IP-Adresse) an \ndie Google Inc. gesendet und von der Google Inc. genutzt werden. \nFolgender Link f\u00fchrt Sie zu dem entsprechenden Plugin: <a href=\"https:\/\/tools.google.com\/dlpage\/gaoptout?hl=de\">https:\/\/tools.google.com\/dlpage\/gaoptout?hl=de<\/a><\/p>\n\n\n\n<p>Hier finden Sie weitere Informationen zur Datennutzung durch die Google Inc.:<\/p>\n\n\n\n<ul class=\"wp-block-list\"><li><a href=\"https:\/\/policies.google.com\/privacy\/partners?hl=de\">https:\/\/policies.google.com\/privacy\/partners?hl=de<\/a> (Daten, die von Google-Partnern erhoben werden)<\/li><li><a href=\"https:\/\/adssettings.google.de\/authenticated\">https:\/\/adssettings.google.de\/authenticated<\/a> (Einstellungen \u00fcber Werbung, die Ihnen angezeigt wird)<\/li><li><a href=\"https:\/\/policies.google.com\/technologies\/ads?hl=de\">https:\/\/policies.google.com\/technologies\/ads?hl=de<\/a> (Verwendung von Cookies in Anzeigen)<\/li><\/ul>\n\n\n\n<p><strong>Rechte des Nutzers<\/strong><\/p>\n\n\n\n<p>Sie haben als Nutzer das Recht, auf Antrag eine kostenlose Auskunft \ndar\u00fcber zu erhalten, welche personenbezogenen Daten \u00fcber Sie gespeichert\n wurden. Sie haben au\u00dferdem das Recht auf Berichtigung falscher Daten \nund auf die Verarbeitungseinschr\u00e4nkung oder L\u00f6schung Ihrer \npersonenbezogenen Daten. Falls zutreffend, k\u00f6nnen Sie auch Ihr Recht auf\n Datenportabilit\u00e4t geltend machen. Sollten Sie annehmen, dass Ihre Daten\n unrechtm\u00e4\u00dfig verarbeitet wurden, k\u00f6nnen Sie eine Beschwerde bei der \nzust\u00e4ndigen Aufsichtsbeh\u00f6rde einreichen.<\/p>\n\n\n\n<p><strong>L\u00f6schung von Daten<\/strong><\/p>\n\n\n\n<p>Sofern Ihr Wunsch nicht mit einer gesetzlichen Pflicht zur  Aufbewahrung von Daten (z. B. Vorratsdatenspeicherung) kollidiert, haben  Sie ein Anrecht auf L\u00f6schung Ihrer Daten. Von uns gespeicherte Daten  werden, sollten sie f\u00fcr ihre Zweckbestimmung nicht mehr vonn\u00f6ten sein  und es keine gesetzlichen Aufbewahrungsfristen geben, gel\u00f6scht. Falls  eine L\u00f6schung nicht durchgef\u00fchrt werden kann, da die Daten f\u00fcr zul\u00e4ssige  gesetzliche Zwecke erforderlich sind, erfolgt eine Einschr\u00e4nkung der  Datenverarbeitung. In diesem Fall werden die Daten gesperrt und nicht  f\u00fcr andere Zwecke verarbeitet.<\/p>\n\n\n\n<a href=\"#consent-change\" id=\"rcb-sc-link-change\" data-success-message=\"\" class=\"rcb-sc-link rcb-sc-link-change\">Privatsph\u00e4re-Einstellungen \u00e4ndern<\/a>\n\n\n\n<a href=\"#consent-history\" id=\"rcb-sc-link-history\" data-success-message=\"\" class=\"rcb-sc-link rcb-sc-link-history\">Historie der Privatsph\u00e4re-Einstellungen<\/a>\n\n\n\n<a href=\"#consent-revoke\" id=\"rcb-sc-link-revoke\" data-success-message=\"Du hast die Einwilligung erfolgreich widerrufen. Die Seite wird nun neu geladen.\" class=\"rcb-sc-link rcb-sc-link-revoke\">Einwilligungen widerrufen<\/a>\n\n\n\n<p><\/p>\n\n\n\n<h4 class=\"wp-block-heading\">Widerspruchsrecht<\/h4>\n\n\n\n<p>Nutzer dieser Webseite k\u00f6nnen von ihrem Widerspruchsrecht Gebrauch \nmachen und der Verarbeitung ihrer personenbezogenen Daten zu jeder Zeit \nwidersprechen.<\/p>\n\n\n\n<p>Wenn Sie eine Berichtigung, Sperrung, L\u00f6schung oder Auskunft \u00fcber die\n zu Ihrer Person gespeicherten personenbezogenen Daten w\u00fcnschen oder \nFragen bzgl. der Erhebung, Verarbeitung oder Verwendung Ihrer \npersonenbezogenen Daten haben oder erteilte Einwilligungen widerrufen \nm\u00f6chten, wenden Sie sich bitte an folgende E-Mail-Adresse: \ninfo@triggerpunktzentrum.de<\/p>\n","protected":false},"excerpt":{"rendered":"<p>Die Adresse unserer Website ist: http:\/\/www.akademie-myofasziale-medizin.de. Diese Datenschutzerkl\u00e4rung soll die Nutzer dieser Website \u00fcber die Art, den Umfang und den Zweck der Erhebung und Verwendung personenbezogener Daten durch den Websitebetreiber Akademie f\u00fcr Myofasziale Medizin GbR H. &amp; S. M\u00fcller-Ehrenberg Peter-Wust-Str. 17 48149 M\u00fcnster Tel. +49 251 6205246 informieren. Der Websitebetreiber nimmt Ihren Datenschutz sehr ernst &hellip; <\/p>\n<p class=\"link-more\"><a href=\"http:\/\/www.akademie-myofasziale-medizin.de\/?page_id=161\" class=\"more-link\"><span class=\"screen-reader-text\">\u201eDatenschutzerkl\u00e4rung\u201c<\/span> weiterlesen<\/a><\/p>\n","protected":false},"author":1,"featured_media":0,"parent":0,"menu_order":0,"comment_status":"closed","ping_status":"closed","template":"","meta":{"footnotes":""},"class_list":["post-161","page","type-page","status-publish","hentry"],"yoast_head":"<!-- This site is optimized with the Yoast SEO plugin v23.7 - https:\/\/yoast.com\/wordpress\/plugins\/seo\/ -->\n<title>Datenschutzerkl\u00e4rung - Akademie f\u00fcr Myofasziale Medizin<\/title>\n<meta name=\"robots\" content=\"index, follow, max-snippet:-1, max-image-preview:large, max-video-preview:-1\" \/>\n<link rel=\"canonical\" href=\"http:\/\/www.akademie-myofasziale-medizin.de\/?page_id=161\" \/>\n<meta property=\"og:locale\" content=\"de_DE\" \/>\n<meta property=\"og:type\" content=\"article\" \/>\n<meta property=\"og:title\" content=\"Datenschutzerkl\u00e4rung - Akademie f\u00fcr Myofasziale Medizin\" \/>\n<meta property=\"og:description\" content=\"Die Adresse unserer Website ist: http:\/\/www.akademie-myofasziale-medizin.de. Diese Datenschutzerkl\u00e4rung soll die Nutzer dieser Website \u00fcber die Art, den Umfang und den Zweck der Erhebung und Verwendung personenbezogener Daten durch den Websitebetreiber Akademie f\u00fcr Myofasziale Medizin GbR H. &amp; S. M\u00fcller-Ehrenberg Peter-Wust-Str. 17 48149 M\u00fcnster Tel. +49 251 6205246 informieren. Der Websitebetreiber nimmt Ihren Datenschutz sehr ernst &hellip; \u201eDatenschutzerkl\u00e4rung\u201c weiterlesen\" \/>\n<meta property=\"og:url\" content=\"http:\/\/www.akademie-myofasziale-medizin.de\/?page_id=161\" \/>\n<meta property=\"og:site_name\" content=\"Akademie f\u00fcr Myofasziale Medizin\" \/>\n<meta property=\"article:modified_time\" content=\"2021-10-21T15:17:03+00:00\" \/>\n<meta name=\"twitter:card\" content=\"summary_large_image\" \/>\n<meta name=\"twitter:label1\" content=\"Gesch\u00e4tzte Lesezeit\" \/>\n\t<meta name=\"twitter:data1\" content=\"5\u00a0Minuten\" \/>\n<script type=\"application\/ld+json\" class=\"yoast-schema-graph\">{\"@context\":\"https:\/\/schema.org\",\"@graph\":[{\"@type\":\"WebPage\",\"@id\":\"http:\/\/www.akademie-myofasziale-medizin.de\/?page_id=161\",\"url\":\"http:\/\/www.akademie-myofasziale-medizin.de\/?page_id=161\",\"name\":\"Datenschutzerkl\u00e4rung - Akademie f\u00fcr Myofasziale Medizin\",\"isPartOf\":{\"@id\":\"http:\/\/www.akademie-myofasziale-medizin.de\/#website\"},\"datePublished\":\"2019-03-02T11:45:07+00:00\",\"dateModified\":\"2021-10-21T15:17:03+00:00\",\"breadcrumb\":{\"@id\":\"http:\/\/www.akademie-myofasziale-medizin.de\/?page_id=161#breadcrumb\"},\"inLanguage\":\"de\",\"potentialAction\":[{\"@type\":\"ReadAction\",\"target\":[\"http:\/\/www.akademie-myofasziale-medizin.de\/?page_id=161\"]}]},{\"@type\":\"BreadcrumbList\",\"@id\":\"http:\/\/www.akademie-myofasziale-medizin.de\/?page_id=161#breadcrumb\",\"itemListElement\":[{\"@type\":\"ListItem\",\"position\":1,\"name\":\"Startseite\",\"item\":\"http:\/\/www.akademie-myofasziale-medizin.de\/\"},{\"@type\":\"ListItem\",\"position\":2,\"name\":\"Datenschutzerkl\u00e4rung\"}]},{\"@type\":\"WebSite\",\"@id\":\"http:\/\/www.akademie-myofasziale-medizin.de\/#website\",\"url\":\"http:\/\/www.akademie-myofasziale-medizin.de\/\",\"name\":\"Akademie f\u00fcr Myofasziale Medizin\",\"description\":\"Muskeln und Faszien behandeln lernen\",\"potentialAction\":[{\"@type\":\"SearchAction\",\"target\":{\"@type\":\"EntryPoint\",\"urlTemplate\":\"http:\/\/www.akademie-myofasziale-medizin.de\/?s={search_term_string}\"},\"query-input\":{\"@type\":\"PropertyValueSpecification\",\"valueRequired\":true,\"valueName\":\"search_term_string\"}}],\"inLanguage\":\"de\"}]}<\/script>\n<!-- \/ Yoast SEO plugin. -->","yoast_head_json":{"title":"Datenschutzerkl\u00e4rung - Akademie f\u00fcr Myofasziale Medizin","robots":{"index":"index","follow":"follow","max-snippet":"max-snippet:-1","max-image-preview":"max-image-preview:large","max-video-preview":"max-video-preview:-1"},"canonical":"http:\/\/www.akademie-myofasziale-medizin.de\/?page_id=161","og_locale":"de_DE","og_type":"article","og_title":"Datenschutzerkl\u00e4rung - Akademie f\u00fcr Myofasziale Medizin","og_description":"Die Adresse unserer Website ist: http:\/\/www.akademie-myofasziale-medizin.de. Diese Datenschutzerkl\u00e4rung soll die Nutzer dieser Website \u00fcber die Art, den Umfang und den Zweck der Erhebung und Verwendung personenbezogener Daten durch den Websitebetreiber Akademie f\u00fcr Myofasziale Medizin GbR H. &amp; S. M\u00fcller-Ehrenberg Peter-Wust-Str. 17 48149 M\u00fcnster Tel. +49 251 6205246 informieren. Der Websitebetreiber nimmt Ihren Datenschutz sehr ernst &hellip; \u201eDatenschutzerkl\u00e4rung\u201c weiterlesen","og_url":"http:\/\/www.akademie-myofasziale-medizin.de\/?page_id=161","og_site_name":"Akademie f\u00fcr Myofasziale Medizin","article_modified_time":"2021-10-21T15:17:03+00:00","twitter_card":"summary_large_image","twitter_misc":{"Gesch\u00e4tzte Lesezeit":"5\u00a0Minuten"},"schema":{"@context":"https:\/\/schema.org","@graph":[{"@type":"WebPage","@id":"http:\/\/www.akademie-myofasziale-medizin.de\/?page_id=161","url":"http:\/\/www.akademie-myofasziale-medizin.de\/?page_id=161","name":"Datenschutzerkl\u00e4rung - Akademie f\u00fcr Myofasziale Medizin","isPartOf":{"@id":"http:\/\/www.akademie-myofasziale-medizin.de\/#website"},"datePublished":"2019-03-02T11:45:07+00:00","dateModified":"2021-10-21T15:17:03+00:00","breadcrumb":{"@id":"http:\/\/www.akademie-myofasziale-medizin.de\/?page_id=161#breadcrumb"},"inLanguage":"de","potentialAction":[{"@type":"ReadAction","target":["http:\/\/www.akademie-myofasziale-medizin.de\/?page_id=161"]}]},{"@type":"BreadcrumbList","@id":"http:\/\/www.akademie-myofasziale-medizin.de\/?page_id=161#breadcrumb","itemListElement":[{"@type":"ListItem","position":1,"name":"Startseite","item":"http:\/\/www.akademie-myofasziale-medizin.de\/"},{"@type":"ListItem","position":2,"name":"Datenschutzerkl\u00e4rung"}]},{"@type":"WebSite","@id":"http:\/\/www.akademie-myofasziale-medizin.de\/#website","url":"http:\/\/www.akademie-myofasziale-medizin.de\/","name":"Akademie f\u00fcr Myofasziale Medizin","description":"Muskeln und Faszien behandeln lernen","potentialAction":[{"@type":"SearchAction","target":{"@type":"EntryPoint","urlTemplate":"http:\/\/www.akademie-myofasziale-medizin.de\/?s={search_term_string}"},"query-input":{"@type":"PropertyValueSpecification","valueRequired":true,"valueName":"search_term_string"}}],"inLanguage":"de"}]}},"_links":{"self":[{"href":"http:\/\/www.akademie-myofasziale-medizin.de\/index.php?rest_route=\/wp\/v2\/pages\/161"}],"collection":[{"href":"http:\/\/www.akademie-myofasziale-medizin.de\/index.php?rest_route=\/wp\/v2\/pages"}],"about":[{"href":"http:\/\/www.akademie-myofasziale-medizin.de\/index.php?rest_route=\/wp\/v2\/types\/page"}],"author":[{"embeddable":true,"href":"http:\/\/www.akademie-myofasziale-medizin.de\/index.php?rest_route=\/wp\/v2\/users\/1"}],"replies":[{"embeddable":true,"href":"http:\/\/www.akademie-myofasziale-medizin.de\/index.php?rest_route=%2Fwp%2Fv2%2Fcomments&post=161"}],"version-history":[{"count":3,"href":"http:\/\/www.akademie-myofasziale-medizin.de\/index.php?rest_route=\/wp\/v2\/pages\/161\/revisions"}],"predecessor-version":[{"id":582,"href":"http:\/\/www.akademie-myofasziale-medizin.de\/index.php?rest_route=\/wp\/v2\/pages\/161\/revisions\/582"}],"wp:attachment":[{"href":"http:\/\/www.akademie-myofasziale-medizin.de\/index.php?rest_route=%2Fwp%2Fv2%2Fmedia&parent=161"}],"curies":[{"name":"wp","href":"https:\/\/api.w.org\/{rel}","templated":true}]}}